{"id":10291,"date":"2023-05-31T15:37:07","date_gmt":"2023-05-31T14:37:07","guid":{"rendered":"https:\/\/www.kzl.upol.cz\/wordpress\/?page_id=10291"},"modified":"2024-01-23T22:26:22","modified_gmt":"2024-01-23T21:26:22","slug":"hlavni-stranka","status":"publish","type":"page","link":"http:\/\/www.kzl.upol.cz\/wordpress\/","title":{"rendered":"Klinika zubn\u00edho l\u00e9ka\u0159stv\u00ed"},"content":{"rendered":"<div id=\"pl-10291\"  class=\"panel-layout\" ><div id=\"pg-10291-0\"  class=\"panel-grid panel-has-style\" ><div class=\"siteorigin-panels-stretch panel-row-style panel-row-style-for-10291-0\" data-stretch-type=\"full\" ><div id=\"pgc-10291-0-0\"  class=\"panel-grid-cell\" ><div id=\"panel-10291-0-0-0\" class=\"so-panel widget widget_sow-editor panel-first-child panel-last-child\" data-index=\"0\" ><div\n\t\t\t\n\t\t\tclass=\"so-widget-sow-editor so-widget-sow-editor-base\"\n\t\t\t\n\t\t>\n<div class=\"siteorigin-widget-tinymce textwidget\">\n\t<p style=\"text-align: center;\">Poskytuje komplexn\u00ed l\u00e9\u010debn\u011b preventivn\u00ed p\u00e9\u010di v cel\u00e9m rozsahu zubn\u00edho l\u00e9ka\u0159stv\u00ed.<\/p>\n<p style=\"text-align: center;\">Zahrnuje obory Konzerva\u010dn\u00ed zubn\u00ed l\u00e9ka\u0159stv\u00ed (v\u00fdpln\u011b a endodontick\u00e1 l\u00e9\u010dba zubu),\u00a0 d\u011btsk\u00e9 zubn\u00ed l\u00e9ka\u0159stv\u00ed (o\u0161et\u0159en\u00ed pacient\u016f do 18 let), Parodontologie (onemocn\u011bn\u00ed d\u00e1sn\u00ed a parodontu), Protetick\u00e9 zubn\u00ed l\u00e9ka\u0159stv\u00ed (fixn\u00ed a sn\u00edmateln\u00e9 zubn\u00ed n\u00e1hrady), Ortodoncie (rovn\u00e1n\u00ed zub\u016f fixn\u00edmi a sn\u00edmac\u00edmi apar\u00e1ty).<\/p>\n<\/div>\n<\/div><\/div><\/div><\/div><\/div><div id=\"pg-10291-1\"  class=\"panel-grid panel-no-style\" ><div id=\"pgc-10291-1-0\"  class=\"panel-grid-cell\" ><div id=\"panel-10291-1-0-0\" class=\"so-panel widget widget_sow-image panel-first-child panel-last-child\" data-index=\"1\" ><div\n\t\t\t\n\t\t\tclass=\"so-widget-sow-image so-widget-sow-image-default-8b5b6f678277-10291\"\n\t\t\t\n\t\t>\n<div class=\"sow-image-container\">\n\t\t<img \n\tsrc=\"http:\/\/www.kzl.upol.cz\/wordpress\/wp-content\/uploads\/2020\/04\/01_klinika_po-rekonstrukci.jpg\" width=\"1920\" height=\"1280\" srcset=\"http:\/\/www.kzl.upol.cz\/wordpress\/wp-content\/uploads\/2020\/04\/01_klinika_po-rekonstrukci.jpg 1920w, http:\/\/www.kzl.upol.cz\/wordpress\/wp-content\/uploads\/2020\/04\/01_klinika_po-rekonstrukci-300x200.jpg 300w, http:\/\/www.kzl.upol.cz\/wordpress\/wp-content\/uploads\/2020\/04\/01_klinika_po-rekonstrukci-1024x683.jpg 1024w, http:\/\/www.kzl.upol.cz\/wordpress\/wp-content\/uploads\/2020\/04\/01_klinika_po-rekonstrukci-768x512.jpg 768w, http:\/\/www.kzl.upol.cz\/wordpress\/wp-content\/uploads\/2020\/04\/01_klinika_po-rekonstrukci-1536x1024.jpg 1536w, http:\/\/www.kzl.upol.cz\/wordpress\/wp-content\/uploads\/2020\/04\/01_klinika_po-rekonstrukci-1080x720.jpg 1080w\" sizes=\"(max-width: 1920px) 100vw, 1920px\" title=\"01_klinika_po rekonstrukci\" alt=\"\" \t\tclass=\"so-widget-image\"\/>\n\t<\/div>\n\n<\/div><\/div><\/div><\/div><div id=\"pg-10291-2\"  class=\"panel-grid panel-has-style\" ><div class=\"siteorigin-panels-stretch panel-row-style panel-row-style-for-10291-2\" data-stretch-type=\"full\" ><div id=\"pgc-10291-2-0\"  class=\"panel-grid-cell\" ><div id=\"panel-10291-2-0-0\" class=\"so-panel widget widget_sow-editor panel-first-child\" data-index=\"2\" ><div class=\"panel-widget-style panel-widget-style-for-10291-2-0-0\" ><div\n\t\t\t\n\t\t\tclass=\"so-widget-sow-editor so-widget-sow-editor-base\"\n\t\t\t\n\t\t>\n<div class=\"siteorigin-widget-tinymce textwidget\">\n\t<p style=\"text-align: center;\">Klinika zubn\u00edho l\u00e9ka\u0159stv\u00ed s\u00eddl\u00ed mimo are\u00e1l Fakultn\u00ed nemocnice, v samostatn\u00e9m objektu v ulici Palack\u00e9ho 12, 772 00 Olomouc.<\/p>\n<\/div>\n<\/div><\/div><\/div><div id=\"panel-10291-2-0-1\" class=\"so-panel widget widget_sow-google-map panel-last-child\" data-index=\"3\" ><div\n\t\t\t\n\t\t\tclass=\"so-widget-sow-google-map so-widget-sow-google-map-default-6b23895f316e-10291\"\n\t\t\t\n\t\t>\n<div class=\"sow-google-map-canvas\"\n\tstyle=\"\"\n\tid=\"map-canvas-b7af6ffb42f2c6ec046cba8d56870a26\"\n\tdata-options=\"{&quot;address&quot;:&quot;49.5960561, 17.2447168&quot;,&quot;zoom&quot;:16,&quot;mobileZoom&quot;:16,&quot;gestureHandling&quot;:&quot;greedy&quot;,&quot;disableUi&quot;:false,&quot;markerIcon&quot;:false,&quot;markersDraggable&quot;:false,&quot;markerAtCenter&quot;:true,&quot;markerInfoDisplay&quot;:&quot;click&quot;,&quot;markerInfoMultiple&quot;:true,&quot;markerPositions&quot;:false,&quot;mapName&quot;:false,&quot;mapStyles&quot;:false,&quot;directions&quot;:&quot;&quot;,&quot;apiKey&quot;:&quot;AIzaSyB_iF6gXZxZX-bnEmPuFrsyWG9vZM4ngn4&quot;,&quot;breakpoint&quot;:780,&quot;id&quot;:&quot;69eb5e&quot;}\"\n\tdata-fallback-image=\"{&quot;img&quot;:&quot;&quot;}\"><\/div>\n<\/div><\/div><\/div><\/div><\/div><div id=\"pg-10291-3\"  class=\"panel-grid panel-has-style\" ><div class=\"siteorigin-panels-stretch panel-row-style panel-row-style-for-10291-3\" data-stretch-type=\"full\" ><div id=\"pgc-10291-3-0\"  class=\"panel-grid-cell\" ><div id=\"panel-10291-3-0-0\" class=\"so-panel widget widget_sow-editor panel-first-child panel-last-child\" data-index=\"4\" ><div class=\"panel-widget-style panel-widget-style-for-10291-3-0-0\" ><div\n\t\t\t\n\t\t\tclass=\"so-widget-sow-editor so-widget-sow-editor-base\"\n\t\t\t\n\t\t>\n<div class=\"siteorigin-widget-tinymce textwidget\">\n\t<p style=\"text-align: center;\">Kontaktn\u00ed osoby:<\/p>\n<\/div>\n<\/div><\/div><\/div><\/div><div id=\"pgc-10291-3-1\"  class=\"panel-grid-cell\" ><div id=\"panel-10291-3-1-0\" class=\"so-panel widget widget_sow-editor panel-first-child panel-last-child\" data-index=\"5\" ><div class=\"panel-widget-style panel-widget-style-for-10291-3-1-0\" ><div\n\t\t\t\n\t\t\tclass=\"so-widget-sow-editor so-widget-sow-editor-base\"\n\t\t\t\n\t\t>\n<div class=\"siteorigin-widget-tinymce textwidget\">\n\t<p>pov\u011b\u0159ena veden\u00edm Kliniky zubn\u00edho l\u00e9ka\u0159stv\u00ed LF UP a FNOL MDDr. Iva Voborn\u00e1, Ph.D., telefon: +420 58 58 59 229<br \/>\nZ\u00e1stupce p\u0159ednosty pro LP: MUDr. Eva Sedlat\u00e1 Jur\u00e1skov\u00e1, Ph.D., telefon: +420 58 58 59 220<br \/>\nVrchn\u00ed sestra: Mgr. Radmila Hor\u00e1\u010dkov\u00e1, MBA, telefon: +420 58 58 59 253<\/p>\n<p>Sekretari\u00e1t<br \/>\nHana Svobodov\u00e1 || e-mail: hana.svobodova@upol.cz telefon: +420 58 58 59 232<br \/>\nZuzana K\u0159\u00ed\u017ekov\u00e1 || e-mail: zuzana.krizkova@fnol.cz telefon: +420 58 58 59 246<\/p>\n<p>Webmaster: MUDr. \u013dubo\u0161 Harvan, Ph.D. || email: lubos.harvan@upol.cz<\/p>\n<\/div>\n<\/div><\/div><\/div><\/div><\/div><\/div><\/div>","protected":false},"excerpt":{"rendered":"<p>Poskytuje komplexn\u00ed l\u00e9\u010debn\u011b preventivn\u00ed p\u00e9\u010di v cel\u00e9m rozsahu zubn\u00edho l\u00e9ka\u0159stv\u00ed. Zahrnuje obory Konzerva\u010dn\u00ed zubn\u00ed l\u00e9ka\u0159stv\u00ed (v\u00fdpln\u011b a endodontick\u00e1 l\u00e9\u010dba zubu),\u00a0 d\u011btsk\u00e9 zubn\u00ed l\u00e9ka\u0159stv\u00ed (o\u0161et\u0159en\u00ed pacient\u016f do 18 let), Parodontologie (onemocn\u011bn\u00ed d\u00e1sn\u00ed a parodontu), Protetick\u00e9 zubn\u00ed l\u00e9ka\u0159stv\u00ed (fixn\u00ed a sn\u00edmateln\u00e9 zubn\u00ed n\u00e1hrady), Ortodoncie (rovn\u00e1n\u00ed zub\u016f fixn\u00edmi a sn\u00edmac\u00edmi apar\u00e1ty).<\/p>\n","protected":false},"author":1,"featured_media":0,"parent":0,"menu_order":0,"comment_status":"closed","ping_status":"closed","template":"page-templates\/front-page.php","meta":{"footnotes":""},"_links":{"self":[{"href":"http:\/\/www.kzl.upol.cz\/wordpress\/index.php?rest_route=\/wp\/v2\/pages\/10291"}],"collection":[{"href":"http:\/\/www.kzl.upol.cz\/wordpress\/index.php?rest_route=\/wp\/v2\/pages"}],"about":[{"href":"http:\/\/www.kzl.upol.cz\/wordpress\/index.php?rest_route=\/wp\/v2\/types\/page"}],"author":[{"embeddable":true,"href":"http:\/\/www.kzl.upol.cz\/wordpress\/index.php?rest_route=\/wp\/v2\/users\/1"}],"replies":[{"embeddable":true,"href":"http:\/\/www.kzl.upol.cz\/wordpress\/index.php?rest_route=%2Fwp%2Fv2%2Fcomments&post=10291"}],"version-history":[{"count":37,"href":"http:\/\/www.kzl.upol.cz\/wordpress\/index.php?rest_route=\/wp\/v2\/pages\/10291\/revisions"}],"predecessor-version":[{"id":10365,"href":"http:\/\/www.kzl.upol.cz\/wordpress\/index.php?rest_route=\/wp\/v2\/pages\/10291\/revisions\/10365"}],"wp:attachment":[{"href":"http:\/\/www.kzl.upol.cz\/wordpress\/index.php?rest_route=%2Fwp%2Fv2%2Fmedia&parent=10291"}],"curies":[{"name":"wp","href":"https:\/\/api.w.org\/{rel}","templated":true}]}}