{"id":2,"date":"2014-09-27T22:17:51","date_gmt":"2014-09-27T20:17:51","guid":{"rendered":"http:\/\/www.kzl.upol.cz\/wordpress\/?page_id=2"},"modified":"2020-11-04T15:19:09","modified_gmt":"2020-11-04T14:19:09","slug":"neco-o-me","status":"publish","type":"page","link":"http:\/\/www.kzl.upol.cz\/wordpress\/?page_id=2","title":{"rendered":"O n\u00e1s"},"content":{"rendered":"<p style=\"text-align: justify;\">Historie kliniky<br \/>\nJak \u0161el \u010das olomouck\u00e9 stomatologie<\/p>\n<p style=\"text-align: justify;\">Kdy\u017e do\u0161lo v \u00fanoru 1946 k slavnostn\u00edmu obnoven\u00ed Univerzity v Olomouci a z\u0159\u00edzen\u00ed L\u00e9ka\u0159sk\u00e9 fakulty, neexistovalo\u00a0v nemocnici na\u0161eho m\u011bsta \u017e\u00e1dn\u00e9 stomatologick\u00e9 odd\u011blen\u00ed. Stomatologickou kliniku bylo nutn\u00e9 tehdy z\u0159\u00eddit, aby tento obor mohl b\u00fdt vyu\u010dov\u00e1n v r\u00e1mci l\u00e9ka\u0159sk\u00e9ho studia. Nov\u011b z\u0159\u00edzen\u00e9 stomatologick\u00e9 odd\u011blen\u00ed existovalo v pov\u00e1le\u010dn\u00fdch letech pouze form\u00e1ln\u011b a p\u0159ednostou byl tehdej\u0161\u00ed p\u0159ednosta porodnicko-gynekologick\u00e9 kliniky doc. MUDr. Vladislav Rapant. P\u0159edn\u00e1\u0161kami pov\u011b\u0159il sv\u00e9ho asistenta MUDr. Kamila Typovsk\u00e9ho.<br \/>\nZa\u010d\u00e1tkem roku 1946 byl jmenov\u00e1n p\u0159ednostou Stomatologick\u00e9 kliniky LF UP doc. MUDr. Bed\u0159ich \u017d\u00e1k, kter\u00fd p\u0159i\u0161el z Brna. Prostorov\u011b byla klinika situov\u00e1na do d\u0159ev\u011bn\u00e9 stavby za porodnicko-gynekologickou klinikou. Pro stomatologii zde byly vyhrazeny dv\u011b m\u00edstnosti: ambulance a pracovna p\u0159ednosty.<br \/>\nV roce 1950 byla klinika p\u0159em\u00edst\u011bna do adaptovan\u00e9ho domku na I.P.Pavlova 3 (v m\u00edst\u011b dne\u0161n\u00ed mimo\u00farov\u0148ov\u00e9 k\u0159i\u017eovatky pod nemocnic\u00ed). Zde od roku 1952 do roku 1954 vykon\u00e1val funkci p\u0159ednosty doc. MUDr. J. \u0160vejda. V t\u00e9 dob\u011b vznikla jednotliv\u00e1 odd\u011blen\u00ed kliniky. Ka\u017ed\u00e9 odd\u011blen\u00ed m\u011blo jednu samostatnou ordinaci se 3 k\u0159esly. V roce 1951 byla zah\u00e1jena v\u00fduka stomatologick\u00e9ho sm\u011bru, prostory v\u0161ak byly pro v\u00fduku nedostate\u010dn\u00e9 a \u010d\u00e1st v\u00fduky byla zaji\u0161\u0165ov\u00e1na formou r\u016fzn\u00fdch pr\u00e1zdninov\u00fdch st\u00e1\u017e\u00ed na zubn\u00edch odd\u011blen\u00edch poliklinik Okresn\u00edch \u00fastav\u016f n\u00e1rodn\u00edho zdrav\u00ed.<br \/>\nV roce 1954 se stal p\u0159ednostou kliniky doc. MUDr. J. \u0160imek, kter\u00e9mu se v roce 1960 poda\u0159ilo z\u00edskat pro stomatologii budovu na ulici Palack\u00e9ho 12, kam byla p\u0159em\u00edst\u011bna stomatologick\u00e1 odd\u011blen\u00ed s v\u00fdjimkou odd\u011blen\u00ed stomatologick\u00e9 chirurgie, kter\u00e9 z\u016fstalo pod veden\u00edm prof. MUDr. E. Jiravy, DrSc. v budov\u011b I.P.Pavlova 3. Dlouhodob\u00e9 adaptace budovy na Palack\u00e9ho 12 trvaly celkem 5 let.<br \/>\nV roce 1961 se stal p\u0159ednostou kliniky tehdy doc. MUDr. J. Novotn\u00fd. Ve \u0161koln\u00edm roce 1961\/1962 byla p\u016fvodn\u00ed jedin\u00e1 stomatologick\u00e1 katedra rozd\u011blena na katedru terapeutick\u00e9 stomatologie (konzerva\u010dn\u00ed stomatologie, pedodoncie a parodontologie), katedru ortopedick\u00e9 a chirurgick\u00e9 stomatologie. Samotn\u00e1 katedra stomatochirurgick\u00e1 pak vznikla v roce 1964 a v roce 1977 se p\u0159est\u011bhovala do nov\u00e9 budovy na Pu\u0161kinov\u011b ulici.<br \/>\nStomatologick\u00e1 klinika byla nejv\u011bt\u0161\u00ed klinikou ve fakultn\u00ed nemocnici a obsahovala v\u0161echna stomatologick\u00e1 odd\u011blen\u00ed. V roce 1979 byla rozd\u011blena na t\u0159i pracovi\u0161t\u011b, kter\u00e9 se staly z\u00e1kladem pro I. , II. a III. stomatologickou kliniku.<br \/>\nP\u0159ednostou I. stomatologick\u00e9 kliniky byl ustanoven prof. MUDr. B. Fiala, DrSc. , II. stomatologick\u00e9 kliniky prof. MUDr. Z. Fago\u0161, CSc. a III. stomatologick\u00e9 kliniky, ze kter\u00e9 v roce 1991 vznikla Klinika \u00fastn\u00ed, \u010delistn\u00ed a obli\u010dejov\u00e9 chirurgie, prof. MUDr. E. Jirava, DrSc. V roce 1991 se stala p\u0159ednostkou I. stomatologick\u00e9 kliniky doc. MUDr. J. Stejskalov\u00e1, CSc. a p\u0159ednostou II. stomatologick\u00e9 kliniky byl v letech 1990-1993 prof. MUDr. M. Kam\u00ednek, DrSc. a od roku 1993 tehdy doc. MUDr. M. Eber, CSc.<br \/>\nV roce 2004 byly I. a II. stomatologick\u00e1 klinika slou\u010deny v jedno pracovi\u0161t\u011b pod n\u00e1zvem Klinika zubn\u00edho l\u00e9ka\u0159stv\u00ed. P\u0159ednostou se stal prof. MUDr. M. Eber, CSc. Klinika m\u00e1 5 klinick\u00fdch odd\u011blen\u00ed, vlastn\u00ed protetickou a ortodontickou laborato\u0159 a 2 pracovi\u0161t\u011b pro preklinickou v\u00fduku. Celkem m\u00e1 klinika k dispozici 57 zubn\u00edch souprav.<br \/>\nStudium stomatologie p\u016fvodn\u011b kr\u00e1tce po v\u00e1lce \u010dty\u0159let\u00e9, se zm\u011bnilo na studium p\u011btilet\u00e9 a od roku 1990 na studium \u0161estilet\u00e9. V\u00fdznamn\u00e1 zm\u011bna v koncepci pregradu\u00e1ln\u00ed v\u00fduky nastala v roce 2003\/2004, kdy v r\u00e1mci harmonizace v\u00fduky se st\u00e1ty EU byl zah\u00e1jen p\u011btilet\u00fd studijn\u00ed program zubn\u00ed l\u00e9ka\u0159stv\u00ed. Ten se od p\u016fvodn\u00edho programu stomatologie li\u0161\u00ed zejm\u00e9na vy\u0161\u0161\u00edm po\u010dtem hodin praktick\u00e9 v\u00fduky a vy\u0161\u0161\u00edm po\u010dtem hodin v\u00fduky zubn\u00edho l\u00e9ka\u0159stv\u00ed, zat\u00edmco po\u010dty hodin v\u00fduky ostatn\u00edch l\u00e9ka\u0159sk\u00fdch obor\u016f byly sn\u00ed\u017eeny. Tato z\u00e1sadn\u00ed zm\u011bna byla realizov\u00e1na na v\u0161ech l\u00e9ka\u0159sk\u00fdch fakult\u00e1ch v \u010cesk\u00e9 republice.<br \/>\nOd roku 1991 se na L\u00e9ka\u0159sk\u00e9 fakult\u011b Univerzity Palack\u00e9ho v Olomouci realizuje i postgradu\u00e1ln\u00ed studium oboru stomatologie jak ve form\u011b prezen\u010dn\u00ed, tak i ve form\u011b kombinovan\u00e9. L\u00e9ka\u0159sk\u00e1 fakulta Univerzity Palack\u00e9ho v Olomouci m\u00e1 akreditovanou Oborovou radu ze stomatologie, jej\u00edm\u017e prvn\u00edm p\u0159edsedou byl prof. MUDr. E. Jirava, DrSc. a v sou\u010dasnosti tuto funkci vykon\u00e1v\u00e1 prof. MUDr. J. Pazdera, CSc..<\/p>\n<p style=\"text-align: justify;\">P\u0159ednostov\u00e9 stomatologick\u00e9 kliniky:<br \/>\ndoc. MUDr. Vladislav Rapant (1946 \u2013 1946)<br \/>\ndoc. MUDr. Bed\u0159ich \u017d\u00e1k (1946 &#8211; 1952)<br \/>\ndoc. MUDr. Josef \u0160vejda (1952 &#8211; 1954)<br \/>\ndoc. MUDr. Josef \u0160imek (1954 -1961)<br \/>\nprof. MUDr. Jarom\u00edr Novotn\u00fd, DrSc. (1961 &#8211; 1979)<\/p>\n<p style=\"text-align: justify;\">P\u0159ednostov\u00e9 Kliniky \u00fastn\u00ed, \u010delistn\u00ed a obli\u010dejov\u00e9 chirurgie:<br \/>\nprof. MUDr. Emil Jirava, DrSc. (1979 \u2013 1990)<br \/>\ndoc. MUDr. Vladim\u00edr Brunner, CSc. (1991 \u2013 1994)<br \/>\nprof. MUDr. Emil Jirava, DrSc. (1994 \u2013 1995)<br \/>\nprof. MUDr. Jind\u0159ich Pazdera, CSc. (1995 \u2013 dosud)<\/p>\n<p style=\"text-align: justify;\">P\u0159ednostov\u00e9 II.stomatologick\u00e9 kliniky:<br \/>\nprof. MUDr. Zden\u011bk Fago\u0161,CSc. (1979 &#8211; 1990)<br \/>\nprof. MUDr. Milan Kam\u00ednek,DrSc. (1990 &#8211; 1993)<br \/>\nprof. MUDr. Miroslav Eber,CSc. (1993 &#8211; 2004)<\/p>\n<p style=\"text-align: justify;\">P\u0159ednostov\u00e9 I. stomatologick\u00e9 kliniky:<br \/>\nprof. MUDr. Boris Fiala, DrSc. (1979 \u2013 1991)<br \/>\ndoc. MUDr. Jitka Stejskalov\u00e1, CSc. (1991 \u2013 2004)<\/p>\n<p style=\"text-align: justify;\">P\u0159ednosta Kliniky zubn\u00edho l\u00e9ka\u0159stv\u00ed:<br \/>\nprof. MUDr. Miroslav Eber, CSc. (2004 \u2013 2008)<br \/>\nDoc. MUDr. Milo\u0161 \u0160pidlen, Ph.D. (jmenov\u00e1n v roce 2008)<\/p>\n","protected":false},"excerpt":{"rendered":"<p>Historie kliniky Jak \u0161el \u010das olomouck\u00e9 stomatologie Kdy\u017e do\u0161lo v \u00fanoru 1946 k slavnostn\u00edmu obnoven\u00ed Univerzity v Olomouci a z\u0159\u00edzen\u00ed L\u00e9ka\u0159sk\u00e9 fakulty, neexistovalo\u00a0v nemocnici na\u0161eho m\u011bsta \u017e\u00e1dn\u00e9 stomatologick\u00e9 odd\u011blen\u00ed. Stomatologickou kliniku bylo nutn\u00e9 tehdy z\u0159\u00eddit, aby tento obor mohl b\u00fdt vyu\u010dov\u00e1n v r\u00e1mci l\u00e9ka\u0159sk\u00e9ho studia. Nov\u011b z\u0159\u00edzen\u00e9 stomatologick\u00e9 odd\u011blen\u00ed existovalo v pov\u00e1le\u010dn\u00fdch letech pouze form\u00e1ln\u011b [&hellip;]<\/p>\n","protected":false},"author":1,"featured_media":0,"parent":0,"menu_order":0,"comment_status":"closed","ping_status":"closed","template":"","meta":{"footnotes":""},"_links":{"self":[{"href":"http:\/\/www.kzl.upol.cz\/wordpress\/index.php?rest_route=\/wp\/v2\/pages\/2"}],"collection":[{"href":"http:\/\/www.kzl.upol.cz\/wordpress\/index.php?rest_route=\/wp\/v2\/pages"}],"about":[{"href":"http:\/\/www.kzl.upol.cz\/wordpress\/index.php?rest_route=\/wp\/v2\/types\/page"}],"author":[{"embeddable":true,"href":"http:\/\/www.kzl.upol.cz\/wordpress\/index.php?rest_route=\/wp\/v2\/users\/1"}],"replies":[{"embeddable":true,"href":"http:\/\/www.kzl.upol.cz\/wordpress\/index.php?rest_route=%2Fwp%2Fv2%2Fcomments&post=2"}],"version-history":[{"count":1,"href":"http:\/\/www.kzl.upol.cz\/wordpress\/index.php?rest_route=\/wp\/v2\/pages\/2\/revisions"}],"predecessor-version":[{"id":250,"href":"http:\/\/www.kzl.upol.cz\/wordpress\/index.php?rest_route=\/wp\/v2\/pages\/2\/revisions\/250"}],"wp:attachment":[{"href":"http:\/\/www.kzl.upol.cz\/wordpress\/index.php?rest_route=%2Fwp%2Fv2%2Fmedia&parent=2"}],"curies":[{"name":"wp","href":"https:\/\/api.w.org\/{rel}","templated":true}]}}