{"id":33,"date":"2014-09-28T23:02:44","date_gmt":"2014-09-28T22:02:44","guid":{"rendered":"http:\/\/www.kzl.upol.cz\/wordpress\/?page_id=33"},"modified":"2014-12-11T19:59:52","modified_gmt":"2014-12-11T18:59:52","slug":"studium","status":"publish","type":"page","link":"http:\/\/www.kzl.upol.cz\/wordpress\/?page_id=33","title":{"rendered":"Studium"},"content":{"rendered":"<p>Uchaze\u010di o studium &#8211;\u00a0Informace o studiu<br \/>\nStudijn\u00ed agenda &#8211;\u00a0STAG<br \/>\nStudijn\u00ed pl\u00e1ny a rozvrhy &#8211;\u00a0Sylaby a rozvrh<br \/>\nOt\u00e1zky &#8211;\u00a0Ot\u00e1zky ke zkou\u0161k\u00e1m<br \/>\nQuestions &#8211;\u00a0Questions to exam<br \/>\nZ\u00e1pis &#8211;\u00a0Z\u00e1pis do ro\u010dn\u00edku a pot\u0159ebn\u00e9 dokumenty<br \/>\nCourseware &#8211;\u00a0Elektronick\u00e9 informace a materi\u00e1ly<\/p>\n","protected":false},"excerpt":{"rendered":"<p>Uchaze\u010di o studium &#8211;\u00a0Informace o studiu Studijn\u00ed agenda &#8211;\u00a0STAG Studijn\u00ed pl\u00e1ny a rozvrhy &#8211;\u00a0Sylaby a rozvrh Ot\u00e1zky &#8211;\u00a0Ot\u00e1zky ke zkou\u0161k\u00e1m Questions &#8211;\u00a0Questions to exam Z\u00e1pis &#8211;\u00a0Z\u00e1pis do ro\u010dn\u00edku a pot\u0159ebn\u00e9 dokumenty Courseware &#8211;\u00a0Elektronick\u00e9 informace a materi\u00e1ly<\/p>\n","protected":false},"author":1,"featured_media":0,"parent":0,"menu_order":0,"comment_status":"closed","ping_status":"closed","template":"page-templates\/child-menu.php","meta":{"footnotes":""},"_links":{"self":[{"href":"http:\/\/www.kzl.upol.cz\/wordpress\/index.php?rest_route=\/wp\/v2\/pages\/33"}],"collection":[{"href":"http:\/\/www.kzl.upol.cz\/wordpress\/index.php?rest_route=\/wp\/v2\/pages"}],"about":[{"href":"http:\/\/www.kzl.upol.cz\/wordpress\/index.php?rest_route=\/wp\/v2\/types\/page"}],"author":[{"embeddable":true,"href":"http:\/\/www.kzl.upol.cz\/wordpress\/index.php?rest_route=\/wp\/v2\/users\/1"}],"replies":[{"embeddable":true,"href":"http:\/\/www.kzl.upol.cz\/wordpress\/index.php?rest_route=%2Fwp%2Fv2%2Fcomments&post=33"}],"version-history":[{"count":1,"href":"http:\/\/www.kzl.upol.cz\/wordpress\/index.php?rest_route=\/wp\/v2\/pages\/33\/revisions"}],"predecessor-version":[{"id":248,"href":"http:\/\/www.kzl.upol.cz\/wordpress\/index.php?rest_route=\/wp\/v2\/pages\/33\/revisions\/248"}],"wp:attachment":[{"href":"http:\/\/www.kzl.upol.cz\/wordpress\/index.php?rest_route=%2Fwp%2Fv2%2Fmedia&parent=33"}],"curies":[{"name":"wp","href":"https:\/\/api.w.org\/{rel}","templated":true}]}}