{"id":10213,"date":"2023-02-13T19:00:12","date_gmt":"2023-02-13T18:00:12","guid":{"rendered":"https:\/\/www.kzl.upol.cz\/wordpress\/?page_id=10213"},"modified":"2023-02-13T19:09:02","modified_gmt":"2023-02-13T18:09:02","slug":"konference-usmev-023-2","status":"publish","type":"page","link":"https:\/\/www.kzl.upol.cz\/wordpress\/?page_id=10213","title":{"rendered":"\u00dasm\u011bv 023 &#8211; p\u0159ihl\u00e1\u0161ka"},"content":{"rendered":"<p style=\"text-align: center;\"><iframe loading=\"lazy\" src=\"https:\/\/docs.google.com\/forms\/d\/e\/1FAIpQLSf1e3FT_xANFjtPbdT2irEBd4EShqaZeHRRh6ckD9Caps61OQ\/viewform?embedded=true\" width=\"640\" height=\"804\" frameborder=\"0\" marginwidth=\"0\" marginheight=\"0\">Na\u010d\u00edt\u00e1n\u00ed\u2026<\/iframe><\/p>\n","protected":false},"excerpt":{"rendered":"<p>Na\u010d\u00edt\u00e1n\u00ed\u2026<\/p>\n","protected":false},"author":1,"featured_media":0,"parent":0,"menu_order":0,"comment_status":"closed","ping_status":"closed","template":"","meta":{"footnotes":""},"_links":{"self":[{"href":"https:\/\/www.kzl.upol.cz\/wordpress\/index.php?rest_route=\/wp\/v2\/pages\/10213"}],"collection":[{"href":"https:\/\/www.kzl.upol.cz\/wordpress\/index.php?rest_route=\/wp\/v2\/pages"}],"about":[{"href":"https:\/\/www.kzl.upol.cz\/wordpress\/index.php?rest_route=\/wp\/v2\/types\/page"}],"author":[{"embeddable":true,"href":"https:\/\/www.kzl.upol.cz\/wordpress\/index.php?rest_route=\/wp\/v2\/users\/1"}],"replies":[{"embeddable":true,"href":"https:\/\/www.kzl.upol.cz\/wordpress\/index.php?rest_route=%2Fwp%2Fv2%2Fcomments&post=10213"}],"version-history":[{"count":6,"href":"https:\/\/www.kzl.upol.cz\/wordpress\/index.php?rest_route=\/wp\/v2\/pages\/10213\/revisions"}],"predecessor-version":[{"id":10220,"href":"https:\/\/www.kzl.upol.cz\/wordpress\/index.php?rest_route=\/wp\/v2\/pages\/10213\/revisions\/10220"}],"wp:attachment":[{"href":"https:\/\/www.kzl.upol.cz\/wordpress\/index.php?rest_route=%2Fwp%2Fv2%2Fmedia&parent=10213"}],"curies":[{"name":"wp","href":"https:\/\/api.w.org\/{rel}","templated":true}]}}