{"id":10404,"date":"2026-01-24T16:45:50","date_gmt":"2026-01-24T15:45:50","guid":{"rendered":"https:\/\/www.kzl.upol.cz\/wordpress\/?page_id=10404"},"modified":"2026-03-03T17:46:11","modified_gmt":"2026-03-03T16:46:11","slug":"konference-usmev-026","status":"publish","type":"page","link":"https:\/\/www.kzl.upol.cz\/wordpress\/?page_id=10404","title":{"rendered":"Konference \u00dasm\u011bv 026"},"content":{"rendered":"<div id=\"pl-10404\"  class=\"panel-layout\" ><div id=\"pg-10404-0\"  class=\"panel-grid panel-no-style\" ><div id=\"pgc-10404-0-0\"  class=\"panel-grid-cell panel-grid-cell-empty\" ><\/div><div id=\"pgc-10404-0-1\"  class=\"panel-grid-cell\" ><div id=\"panel-10404-0-1-0\" class=\"so-panel widget widget_sow-button panel-first-child panel-last-child\" data-index=\"0\" ><div\n\t\t\t\n\t\t\tclass=\"so-widget-sow-button so-widget-sow-button-flat-66466acb9e12-10404\"\n\t\t\t\n\t\t><div class=\"ow-button-base ow-button-align-center\"\n>\n\t\t\t<a\n\t\t\t\t\thref=\"https:\/\/www.kzl.upol.cz\/wordpress\/?page_id=10406\"\n\t\t\t\t\tclass=\"sowb-button ow-icon-placement-bottom ow-button-hover\" \t>\n\t\t<span>\n\t\t\t\n\t\t\tProgram\t\t<\/span>\n\t\t\t<\/a>\n\t<\/div>\n<\/div><\/div><\/div><div id=\"pgc-10404-0-2\"  class=\"panel-grid-cell\" ><div id=\"panel-10404-0-2-0\" class=\"so-panel widget widget_sow-button panel-first-child panel-last-child\" data-index=\"1\" ><div\n\t\t\t\n\t\t\tclass=\"so-widget-sow-button so-widget-sow-button-flat-66466acb9e12-10404\"\n\t\t\t\n\t\t><div class=\"ow-button-base ow-button-align-center\"\n>\n\t\t\t<a\n\t\t\t\tclass=\"sowb-button ow-icon-placement-bottom ow-button-hover\" \t>\n\t\t<span>\n\t\t\t\n\t\t\tSborn\u00edk abstrakt\u016f\t\t<\/span>\n\t\t\t<\/a>\n\t<\/div>\n<\/div><\/div><\/div><\/div><div id=\"pg-10404-1\"  class=\"panel-grid panel-no-style\" ><div id=\"pgc-10404-1-0\"  class=\"panel-grid-cell\" ><div id=\"panel-10404-1-0-0\" class=\"so-panel widget widget_sow-editor panel-first-child panel-last-child\" data-index=\"2\" ><div\n\t\t\t\n\t\t\tclass=\"so-widget-sow-editor so-widget-sow-editor-base\"\n\t\t\t\n\t\t>\n<div class=\"siteorigin-widget-tinymce textwidget\">\n\t<p style=\"text-align: left;\">V\u00e1\u017een\u00e9 kolegyn\u011b, v\u00e1\u017een\u00ed kolegov\u00e9,<\/p>\n<p style=\"text-align: left;\">Klinika zubn\u00edho l\u00e9ka\u0159stv\u00ed LF UP a FN v Olomouci po\u0159\u00e1d\u00e1 <strong>dne 20.3.2026<\/strong> konferenci stomatolog\u016f, dent\u00e1ln\u00edch hygienistek a zubn\u00edch sester <strong>\u201e\u00dasm\u011bv 026\u201c<\/strong>, zam\u011b\u0159enou p\u0159edev\u0161\u00edm na prezentace postgradu\u00e1ln\u00edch student\u016f a mlad\u00fdch l\u00e9ka\u0159\u016f.<\/p>\n<p style=\"text-align: left;\">Hlavn\u00ed t\u00e9mata:<\/p>\n<p style=\"text-align: left;\">1. Praktick\u00e9 rady pro usnadn\u011bn\u00ed zubn\u00edho o\u0161et\u0159en\u00ed<br \/>\n2. Interdisciplin\u00e1rn\u00ed spolupr\u00e1ce<br \/>\n3. Polyt\u00e9matika<\/p>\n<p style=\"text-align: left;\"><strong>Hlavn\u00ed p\u0159edn\u00e1\u0161ej\u00edc\u00ed:<\/strong><\/p>\n<p style=\"text-align: center;\"><strong>MDDr. Michal Czy\u017e a MDDr. Michal P\u0159ibyl<\/strong><\/p>\n<p style=\"text-align: center;\"><strong>\u201e101 tip\u016f a trik\u016f pro snadn\u00fd za\u010d\u00e1tek praxe\u201c<\/strong><\/p>\n<p style=\"text-align: left;\"><strong>M\u00edsto kon\u00e1n\u00ed:<\/strong><\/p>\n<p style=\"text-align: center;\">Klinika zubn\u00edho l\u00e9ka\u0159stv\u00ed LF UP a FN, Palack\u00e9ho 12, Olomouc<\/p>\n<p style=\"text-align: left;\"><strong>\u010casov\u00fd harmonogram:<\/strong><\/p>\n<p style=\"text-align: left;\">Dopoledn\u00ed blok: 9.00\u201312.00<br \/>\nPoledn\u00ed p\u0159est\u00e1vka: 12.00\u201313.00<br \/>\nOdpoledn\u00ed blok: 13.00\u201316.00<\/p>\n<p style=\"text-align: center;\"><strong>Konference bude registrovan\u00e1 vzd\u011bl\u00e1vac\u00ed akce \u010cSK, p\u0159edpokl\u00e1dan\u00fd po\u010det kredit\u016f 5<\/strong><\/p>\n<p style=\"text-align: left;\"><strong>Cena registrace:<\/strong><\/p>\n<p style=\"text-align: left;\"><strong>3500,- K\u010d l\u00e9ka\u0159\/ka<\/strong><br \/>\n<strong>2400,- K\u010d NLZP<\/strong> (Zubn\u00ed technik, Zubn\u00ed instrument\u00e1\u0159ka, Zubn\u00ed asistentka, V\u0161eobecn\u00e1 sestra, Praktick\u00e1 sestra)<\/p>\n<p style=\"text-align: left;\">T\u011b\u0161\u00edme se na setk\u00e1n\u00ed v Olomouci<\/p>\n<p style=\"text-align: left;\">Stomatolog Yuliya Morozova, Ph.D. v\u011bdeck\u00fd sekret\u00e1\u0159<br \/>\nKZL LF UP a FN, Palack\u00e9ho 12<br \/>\nOlomouc 772 00<\/p>\n<p style=\"text-align: left;\">MDDr. Iva Voborn\u00e1, Ph.D.<br \/>\nPov\u011b\u0159ena veden\u00edm<br \/>\nKZL LF UP a FN, Palack\u00e9ho 12<br \/>\nOlomouc 772 00<\/p>\n<p style=\"text-align: left;\">Sekretari\u00e1t:<\/p>\n<p style=\"text-align: left;\">Hana Svobodov\u00e1<br \/>\ne-mail: hana.svobodova@upol.cz<\/p>\n<\/div>\n<\/div><\/div><\/div><\/div><div id=\"pg-10404-2\"  class=\"panel-grid panel-no-style\" ><div id=\"pgc-10404-2-0\"  class=\"panel-grid-cell\" ><div id=\"panel-10404-2-0-0\" class=\"so-panel widget widget_sow-editor panel-first-child panel-last-child\" data-index=\"3\" ><div\n\t\t\t\n\t\t\tclass=\"so-widget-sow-editor so-widget-sow-editor-base\"\n\t\t\t\n\t\t>\n<div class=\"siteorigin-widget-tinymce textwidget\">\n\t<\/div>\n<\/div><\/div><\/div><div id=\"pgc-10404-2-1\"  class=\"panel-grid-cell\" ><div id=\"panel-10404-2-1-0\" class=\"so-panel widget widget_sow-editor panel-first-child\" data-index=\"4\" ><div\n\t\t\t\n\t\t\tclass=\"so-widget-sow-editor so-widget-sow-editor-base\"\n\t\t\t\n\t\t>\n<div class=\"siteorigin-widget-tinymce textwidget\">\n\t<p style=\"text-align: center;\">Registrace na konferenci bude spu\u0161t\u011bna 27.1.2026<\/p>\n<h5 style=\"text-align: center;\">Registrovat se m\u016f\u017eete do 13.3.2026.<\/h5>\n<h5 style=\"text-align: center;\">Registra\u010dn\u00ed poplatek mus\u00ed b\u00fdt uhrazen do 15.3.2026 v\u010detn\u011b.<\/h5>\n<\/div>\n<\/div><\/div><div id=\"panel-10404-2-1-1\" class=\"so-panel widget widget_sow-button panel-last-child\" data-index=\"5\" ><div\n\t\t\t\n\t\t\tclass=\"so-widget-sow-button so-widget-sow-button-flat-36e22cfc6189-10404\"\n\t\t\t\n\t\t><div class=\"ow-button-base ow-button-align-center\"\n>\n\t\t\t<a\n\t\t\t\t\thref=\"https:\/\/forms.gle\/Ln26BuaVmFizgPKKA\"\n\t\t\t\t\tclass=\"sowb-button ow-icon-placement-left ow-button-hover\" target=\"_blank\" rel=\"noopener noreferrer\" \t>\n\t\t<span>\n\t\t\t<span class=\"sow-icon-fontawesome sow-far\" data-sow-icon=\"&#xf35a;\"\n\t\tstyle=\"\" \n\t\taria-hidden=\"true\"><\/span>\n\t\t\tP\u0159ihl\u00e1\u0161en\u00ed na konferenci\t\t<\/span>\n\t\t\t<\/a>\n\t<\/div>\n<\/div><\/div><\/div><\/div><\/div>","protected":false},"excerpt":{"rendered":"<p>V\u00e1\u017een\u00e9 kolegyn\u011b, v\u00e1\u017een\u00ed kolegov\u00e9, Klinika zubn\u00edho l\u00e9ka\u0159stv\u00ed LF UP a FN v Olomouci po\u0159\u00e1d\u00e1 dne 20.3.2026 konferenci stomatolog\u016f, dent\u00e1ln\u00edch hygienistek a zubn\u00edch sester \u201e\u00dasm\u011bv 026\u201c, zam\u011b\u0159enou p\u0159edev\u0161\u00edm na prezentace postgradu\u00e1ln\u00edch student\u016f a mlad\u00fdch l\u00e9ka\u0159\u016f. Hlavn\u00ed t\u00e9mata: 1. Praktick\u00e9 rady pro usnadn\u011bn\u00ed zubn\u00edho o\u0161et\u0159en\u00ed 2. Interdisciplin\u00e1rn\u00ed spolupr\u00e1ce 3. Polyt\u00e9matika Hlavn\u00ed p\u0159edn\u00e1\u0161ej\u00edc\u00ed: MDDr. Michal Czy\u017e a MDDr. [&hellip;]<\/p>\n","protected":false},"author":1,"featured_media":0,"parent":10068,"menu_order":0,"comment_status":"closed","ping_status":"closed","template":"page-templates\/full-width.php","meta":{"footnotes":""},"_links":{"self":[{"href":"https:\/\/www.kzl.upol.cz\/wordpress\/index.php?rest_route=\/wp\/v2\/pages\/10404"}],"collection":[{"href":"https:\/\/www.kzl.upol.cz\/wordpress\/index.php?rest_route=\/wp\/v2\/pages"}],"about":[{"href":"https:\/\/www.kzl.upol.cz\/wordpress\/index.php?rest_route=\/wp\/v2\/types\/page"}],"author":[{"embeddable":true,"href":"https:\/\/www.kzl.upol.cz\/wordpress\/index.php?rest_route=\/wp\/v2\/users\/1"}],"replies":[{"embeddable":true,"href":"https:\/\/www.kzl.upol.cz\/wordpress\/index.php?rest_route=%2Fwp%2Fv2%2Fcomments&post=10404"}],"version-history":[{"count":7,"href":"https:\/\/www.kzl.upol.cz\/wordpress\/index.php?rest_route=\/wp\/v2\/pages\/10404\/revisions"}],"predecessor-version":[{"id":10434,"href":"https:\/\/www.kzl.upol.cz\/wordpress\/index.php?rest_route=\/wp\/v2\/pages\/10404\/revisions\/10434"}],"up":[{"embeddable":true,"href":"https:\/\/www.kzl.upol.cz\/wordpress\/index.php?rest_route=\/wp\/v2\/pages\/10068"}],"wp:attachment":[{"href":"https:\/\/www.kzl.upol.cz\/wordpress\/index.php?rest_route=%2Fwp%2Fv2%2Fmedia&parent=10404"}],"curies":[{"name":"wp","href":"https:\/\/api.w.org\/{rel}","templated":true}]}}